{"id":239,"date":"2024-12-12T21:20:01","date_gmt":"2024-12-13T00:20:01","guid":{"rendered":"https:\/\/scmabr.org\/?post_type=product&#038;p=239"},"modified":"2026-01-07T00:55:34","modified_gmt":"2026-01-07T03:55:34","slug":"doacao-scma","status":"publish","type":"product","link":"https:\/\/scmabr.org\/en\/product\/doacao-scma\/","title":{"rendered":"Doa\u00e7\u00e3o SCMA"},"content":{"rendered":"<div id=\"M8dqsCcUBpwUiU4VUH9JB-user-message\" tabindex=\"0\" role=\"article\" data-tabster=\"{&quot;groupper&quot;:{&quot;tabbability&quot;:2},&quot;focusable&quot;:{}}\" aria-labelledby=\"M8dqsCcUBpwUiU4VUH9JB-user-message\">\n<div class=\"flex w-full flex-col items-end\" data-content=\"user-message\">A doa\u00e7\u00e3o para a causa animal \u00e9 um gesto de compaix\u00e3o e responsabilidade que traz benef\u00edcios significativos para os animais e para a sociedade como um todo.<\/div>\n<div data-content=\"user-message\">Sua doa\u00e7\u00e3o permite que a SANTA CAUSA e realize campanhas de castra\u00e7\u00e3o, que s\u00e3o essenciais para controlar a popula\u00e7\u00e3o de animais de rua. Isso reduz o n\u00famero de animais abandonados e melhora a qualidade de vida dos que j\u00e1 est\u00e3o nas ruas al\u00e9m de in\u00fameras outras a\u00e7\u00f5es.<\/div>\n<\/div>\n<div data-content=\"user-message\">DOE PARA A SANTA CAUSA DE MISERIC\u00d3RDIA ANIMAL.<\/div>","protected":false},"excerpt":{"rendered":"<p>A doa\u00e7\u00e3o para a causa animal \u00e9 um gesto de compaix\u00e3o e responsabilidade que traz benef\u00edcios significativos para os animais e para a sociedade como um<span class=\"excerpt-hellip\"> [\u2026]<\/span><\/p>\n","protected":false},"featured_media":241,"comment_status":"open","ping_status":"closed","template":"","meta":{"_joinchat":[]},"product_brand":[],"product_cat":[21],"product_tag":[],"class_list":{"0":"post-239","1":"product","2":"type-product","3":"status-publish","4":"has-post-thumbnail","6":"product_cat-doacao","8":"first","9":"instock","10":"shipping-taxable","11":"purchasable","12":"product-type-variable"},"_links":{"self":[{"href":"https:\/\/scmabr.org\/en\/wp-json\/wp\/v2\/product\/239","targetHints":{"allow":["GET"]}}],"collection":[{"href":"https:\/\/scmabr.org\/en\/wp-json\/wp\/v2\/product"}],"about":[{"href":"https:\/\/scmabr.org\/en\/wp-json\/wp\/v2\/types\/product"}],"replies":[{"embeddable":true,"href":"https:\/\/scmabr.org\/en\/wp-json\/wp\/v2\/comments?post=239"}],"wp:featuredmedia":[{"embeddable":true,"href":"https:\/\/scmabr.org\/en\/wp-json\/wp\/v2\/media\/241"}],"wp:attachment":[{"href":"https:\/\/scmabr.org\/en\/wp-json\/wp\/v2\/media?parent=239"}],"wp:term":[{"taxonomy":"product_brand","embeddable":true,"href":"https:\/\/scmabr.org\/en\/wp-json\/wp\/v2\/product_brand?post=239"},{"taxonomy":"product_cat","embeddable":true,"href":"https:\/\/scmabr.org\/en\/wp-json\/wp\/v2\/product_cat?post=239"},{"taxonomy":"product_tag","embeddable":true,"href":"https:\/\/scmabr.org\/en\/wp-json\/wp\/v2\/product_tag?post=239"}],"curies":[{"name":"wp","href":"https:\/\/api.w.org\/{rel}","templated":true}]}}